{"id":95,"date":"2025-07-11T19:17:46","date_gmt":"2025-07-11T17:17:46","guid":{"rendered":"https:\/\/maisonfarouk.ch.\/?post_type=product&#038;p=95"},"modified":"2026-01-28T02:10:43","modified_gmt":"2026-01-28T01:10:43","slug":"maitre-noir","status":"publish","type":"product","link":"https:\/\/maisonfarouk.ch\/?product=maitre-noir","title":{"rendered":"Ma\u00eetre Noir"},"content":{"rendered":"<p><strong>Ma\u00eetre Noir \u2013 Stilvolle St\u00e4rke, die bleibt.<\/strong><\/p>\n<p>Frisches Gr\u00fcnapfel- und Zitrusaroma er\u00f6ffnen den Duft mit klarer Frische, w\u00e4hrend warme Gew\u00fcrze wie Zimt und Nelke ein edles Herzst\u00fcck bilden. Sanftes Sandelholz und Vetiver verleihen dem Ausklang eine Note stiller St\u00e4rke und moderner Raffinesse.<br \/>\nEin vielseitiger Signaturduft f\u00fcr den Mann, der mit Zielstrebigkeit und Ausstrahlung f\u00fchrt.<\/p>\n","protected":false},"excerpt":{"rendered":"<p>Frische von Apfel und Zitrus trifft auf w\u00fcrzige W\u00e4rme und holzige Tiefe. Ein moderner Duft f\u00fcr M\u00e4nner mit klarer Haltung und zeitloser Ausstrahlung.<\/p>\n<div class=\"relative flex-col gap-1 md:gap-3\">\n<div class=\"mt-3 w-full empty:hidden\">\n<div class=\"text-center\"><\/div>\n<\/div>\n<\/div>\n<div class=\"aria-live=polite absolute\">\n<div class=\"flex items-center justify-center\"><\/div>\n<\/div>\n","protected":false},"featured_media":161,"comment_status":"open","ping_status":"closed","template":"","meta":[],"product_brand":[],"product_cat":[20],"product_tag":[30,23,32,38,31],"class_list":{"0":"post-95","1":"product","2":"type-product","3":"status-publish","4":"has-post-thumbnail","6":"product_cat-mannliche-dufte","7":"product_tag-apfel","8":"product_tag-frisch","9":"product_tag-holzig","10":"product_tag-mannlich","11":"product_tag-zitrus","13":"first","14":"instock","15":"sale","16":"shipping-taxable","17":"purchasable","18":"product-type-variable"},"jetpack_sharing_enabled":true,"_links":{"self":[{"href":"https:\/\/maisonfarouk.ch\/index.php?rest_route=\/wp\/v2\/product\/95","targetHints":{"allow":["GET"]}}],"collection":[{"href":"https:\/\/maisonfarouk.ch\/index.php?rest_route=\/wp\/v2\/product"}],"about":[{"href":"https:\/\/maisonfarouk.ch\/index.php?rest_route=\/wp\/v2\/types\/product"}],"replies":[{"embeddable":true,"href":"https:\/\/maisonfarouk.ch\/index.php?rest_route=%2Fwp%2Fv2%2Fcomments&post=95"}],"wp:featuredmedia":[{"embeddable":true,"href":"https:\/\/maisonfarouk.ch\/index.php?rest_route=\/wp\/v2\/media\/161"}],"wp:attachment":[{"href":"https:\/\/maisonfarouk.ch\/index.php?rest_route=%2Fwp%2Fv2%2Fmedia&parent=95"}],"wp:term":[{"taxonomy":"product_brand","embeddable":true,"href":"https:\/\/maisonfarouk.ch\/index.php?rest_route=%2Fwp%2Fv2%2Fproduct_brand&post=95"},{"taxonomy":"product_cat","embeddable":true,"href":"https:\/\/maisonfarouk.ch\/index.php?rest_route=%2Fwp%2Fv2%2Fproduct_cat&post=95"},{"taxonomy":"product_tag","embeddable":true,"href":"https:\/\/maisonfarouk.ch\/index.php?rest_route=%2Fwp%2Fv2%2Fproduct_tag&post=95"}],"curies":[{"name":"wp","href":"https:\/\/api.w.org\/{rel}","templated":true}]}}