{"id":183,"date":"2025-12-31T20:39:10","date_gmt":"2025-12-31T19:39:10","guid":{"rendered":"https:\/\/maisonfarouk.ch\/?post_type=product&#038;p=183"},"modified":"2025-12-31T20:39:10","modified_gmt":"2025-12-31T19:39:10","slug":"imperial-oud","status":"publish","type":"product","link":"https:\/\/maisonfarouk.ch\/?product=imperial-oud","title":{"rendered":"Imperial Oud"},"content":{"rendered":"<p><strong>Imperial Oud \u2013 holzig, w\u00fcrzig, sinnlich<\/strong><\/p>\n<p data-start=\"123\" data-end=\"562\">Tauchen Sie ein in eine Welt voller <strong data-start=\"159\" data-end=\"180\">Luxus und Eleganz<\/strong> mit Imperial Oud, einem Duft, der <strong data-start=\"215\" data-end=\"250\">Geheimnis, W\u00e4rme und Raffinesse<\/strong> ausstrahlt. Reichhaltiges, harziges Oud verschmilzt mit <strong data-start=\"307\" data-end=\"336\">tiefen, erdigen Holzt\u00f6nen<\/strong> und bildet eine k\u00fchne, opulente Basis. Zarte <strong data-start=\"382\" data-end=\"397\">Bl\u00fctennoten<\/strong> und <strong data-start=\"402\" data-end=\"428\">cremige Moschusnuancen<\/strong> verleihen Raffinesse und Sinnlichkeit, w\u00e4hrend subtile <strong data-start=\"484\" data-end=\"517\">w\u00fcrzige und zitrische Akzente<\/strong> einen lebendigen, eleganten Funken setzen.<\/p>\n<p data-start=\"564\" data-end=\"923\">F\u00fcr diejenigen, die <strong data-start=\"584\" data-end=\"604\">zeitlose Eleganz<\/strong> sch\u00e4tzen, hinterl\u00e4sst Imperial Oud eine <strong data-start=\"645\" data-end=\"679\">vielschichtige, fesselnde Aura<\/strong>, die sich im Laufe des Tages wundersch\u00f6n entfaltet. Perfekt f\u00fcr <strong data-start=\"744\" data-end=\"845\">Abende, besondere Anl\u00e4sse oder Momente, in denen ein bleibender Eindruck hinterlassen werden soll<\/strong>, verk\u00f6rpert dieser Duft <strong data-start=\"870\" data-end=\"903\">Luxus, Tiefe und Sinnlichkeit<\/strong> in jedem Tropfen.<\/p>\n<p data-start=\"925\" data-end=\"945\"><b>Inhaltsstoffe:<\/b><\/p>\n<p data-start=\"925\" data-end=\"945\">\u00c4therisches Duft\u00f6l, Patchouli\u00f6l, Ethylenglycol-Brassylat, ISO E Super, Hercolyn D, Galaxolid, Exaltolid, Hedion, Phenylethylalkohol, Citronellol, Linalool, Zimtalkohol (Cinnamylalkohol), Geraniol, Kumarin, D-Limonen<\/p>\n","protected":false},"excerpt":{"rendered":"<p>Ein luxuri\u00f6ser Duft mit <strong data-start=\"147\" data-end=\"185\">tiefer Holzigkeit und warmer W\u00fcrze<\/strong>, abgerundet durch <strong data-start=\"204\" data-end=\"238\">feine Moschus- und Bl\u00fctennoten<\/strong>. Reichhaltig, elegant und langanhaltend \u2013 ideal f\u00fcr <strong data-start=\"291\" data-end=\"323\" data-is-only-node=\"\">Abende und besondere Anl\u00e4sse<\/strong>.<\/p>\n","protected":false},"featured_media":184,"comment_status":"open","ping_status":"closed","template":"","meta":[],"product_brand":[],"product_cat":[20],"product_tag":[32,38,47,43,39,41,31],"class_list":{"0":"post-183","1":"product","2":"type-product","3":"status-publish","4":"has-post-thumbnail","6":"product_cat-mannliche-dufte","7":"product_tag-holzig","8":"product_tag-mannlich","9":"product_tag-moschus","10":"product_tag-oud","11":"product_tag-warm","12":"product_tag-wurzig","13":"product_tag-zitrus","15":"first","16":"instock","17":"shipping-taxable","18":"purchasable","19":"product-type-variable"},"jetpack_sharing_enabled":true,"_links":{"self":[{"href":"https:\/\/maisonfarouk.ch\/index.php?rest_route=\/wp\/v2\/product\/183","targetHints":{"allow":["GET"]}}],"collection":[{"href":"https:\/\/maisonfarouk.ch\/index.php?rest_route=\/wp\/v2\/product"}],"about":[{"href":"https:\/\/maisonfarouk.ch\/index.php?rest_route=\/wp\/v2\/types\/product"}],"replies":[{"embeddable":true,"href":"https:\/\/maisonfarouk.ch\/index.php?rest_route=%2Fwp%2Fv2%2Fcomments&post=183"}],"wp:featuredmedia":[{"embeddable":true,"href":"https:\/\/maisonfarouk.ch\/index.php?rest_route=\/wp\/v2\/media\/184"}],"wp:attachment":[{"href":"https:\/\/maisonfarouk.ch\/index.php?rest_route=%2Fwp%2Fv2%2Fmedia&parent=183"}],"wp:term":[{"taxonomy":"product_brand","embeddable":true,"href":"https:\/\/maisonfarouk.ch\/index.php?rest_route=%2Fwp%2Fv2%2Fproduct_brand&post=183"},{"taxonomy":"product_cat","embeddable":true,"href":"https:\/\/maisonfarouk.ch\/index.php?rest_route=%2Fwp%2Fv2%2Fproduct_cat&post=183"},{"taxonomy":"product_tag","embeddable":true,"href":"https:\/\/maisonfarouk.ch\/index.php?rest_route=%2Fwp%2Fv2%2Fproduct_tag&post=183"}],"curies":[{"name":"wp","href":"https:\/\/api.w.org\/{rel}","templated":true}]}}