{"id":177,"date":"2025-12-31T20:32:38","date_gmt":"2025-12-31T19:32:38","guid":{"rendered":"https:\/\/maisonfarouk.ch\/?post_type=product&#038;p=177"},"modified":"2025-12-31T20:32:38","modified_gmt":"2025-12-31T19:32:38","slug":"sauvage-inspired-by-dior","status":"publish","type":"product","link":"https:\/\/maisonfarouk.ch\/?product=sauvage-inspired-by-dior","title":{"rendered":"Sauvage &#8211; Inspired by Dior"},"content":{"rendered":"<div class=\"flex max-w-full flex-col grow\">\n<div class=\"min-h-8 text-message relative flex w-full flex-col items-end gap-2 text-start break-words whitespace-normal [.text-message+&amp;]:mt-1\" dir=\"auto\" data-message-author-role=\"assistant\" data-message-id=\"c5b56193-7ad8-4b16-bbe4-e6323d8e2901\" data-message-model-slug=\"gpt-5-1\">\n<div class=\"flex w-full flex-col gap-1 empty:hidden first:pt-[1px]\">\n<div class=\"markdown prose dark:prose-invert w-full break-words light markdown-new-styling\">\n<p data-start=\"109\" data-end=\"261\"><strong>Sauvage \u2014 Inspired by Dior<\/strong><\/p>\n<p data-start=\"109\" data-end=\"261\">Ein moderner, ausdrucksstarker Herrenduft mit markanter Frische. Bereits der erste Eindruck wirkt vitalisierend und vermittelt sofort souver\u00e4ne Pr\u00e4senz.<\/p>\n<p data-start=\"263\" data-end=\"427\">Aromatische, klare Zitrus- und Gew\u00fcrznoten verleihen dem Duft sein pr\u00e4gnantes Profil, w\u00e4hrend eine elegante, holzige Basis Tiefe und langanhaltende Wirkung schafft.<\/p>\n<p data-start=\"429\" data-end=\"512\">Sauvage ist der Duft f\u00fcr M\u00e4nner mit Haltung \u2013 direkt, selbstsicher und authentisch.<\/p>\n<p data-start=\"514\" data-end=\"544\" data-is-last-node=\"\" data-is-only-node=\"\"><strong data-start=\"514\" data-end=\"544\" data-is-last-node=\"\">Klar. Kraftvoll. Maskulin.<\/strong><\/p>\n<\/div>\n<\/div>\n<\/div>\n<\/div>\n<div class=\"z-0 flex min-h-[46px] justify-start\"><strong>Inhaltstoffe:<\/strong><\/div>\n<div><\/div>\n<div>\u00c4therisches Duft\u00f6l, Dipropylenglykol, Galaxolid, ISO E Super, Hedion, Habanolid, Dihydromyrcenol, Verdox, Ethyl-Linalool, Habanolid, D-Limonen, Linalool<\/div>\n<div class=\"mt-3 w-full empty:hidden\">\n<div class=\"text-center\"><\/div>\n<\/div>\n","protected":false},"excerpt":{"rendered":"<p data-start=\"81\" data-end=\"256\">Ein moderner Herrenduft mit k\u00fchler Frische und klarer Pr\u00e4senz. Zitrische und aromatische Noten pr\u00e4gen den Auftakt, getragen von einer dezenten, holzigen Basis mit langem Halt.<\/p>\n<p data-start=\"258\" data-end=\"314\" data-is-last-node=\"\" data-is-only-node=\"\">Ein direkter, maskuliner Duft<\/p>\n","protected":false},"featured_media":178,"comment_status":"open","ping_status":"closed","template":"","meta":[],"product_brand":[],"product_cat":[20],"product_tag":[23,32,38,41,31],"class_list":{"0":"post-177","1":"product","2":"type-product","3":"status-publish","4":"has-post-thumbnail","6":"product_cat-mannliche-dufte","7":"product_tag-frisch","8":"product_tag-holzig","9":"product_tag-mannlich","10":"product_tag-wurzig","11":"product_tag-zitrus","13":"first","14":"instock","15":"shipping-taxable","16":"purchasable","17":"product-type-variable"},"jetpack_sharing_enabled":true,"_links":{"self":[{"href":"https:\/\/maisonfarouk.ch\/index.php?rest_route=\/wp\/v2\/product\/177","targetHints":{"allow":["GET"]}}],"collection":[{"href":"https:\/\/maisonfarouk.ch\/index.php?rest_route=\/wp\/v2\/product"}],"about":[{"href":"https:\/\/maisonfarouk.ch\/index.php?rest_route=\/wp\/v2\/types\/product"}],"replies":[{"embeddable":true,"href":"https:\/\/maisonfarouk.ch\/index.php?rest_route=%2Fwp%2Fv2%2Fcomments&post=177"}],"wp:featuredmedia":[{"embeddable":true,"href":"https:\/\/maisonfarouk.ch\/index.php?rest_route=\/wp\/v2\/media\/178"}],"wp:attachment":[{"href":"https:\/\/maisonfarouk.ch\/index.php?rest_route=%2Fwp%2Fv2%2Fmedia&parent=177"}],"wp:term":[{"taxonomy":"product_brand","embeddable":true,"href":"https:\/\/maisonfarouk.ch\/index.php?rest_route=%2Fwp%2Fv2%2Fproduct_brand&post=177"},{"taxonomy":"product_cat","embeddable":true,"href":"https:\/\/maisonfarouk.ch\/index.php?rest_route=%2Fwp%2Fv2%2Fproduct_cat&post=177"},{"taxonomy":"product_tag","embeddable":true,"href":"https:\/\/maisonfarouk.ch\/index.php?rest_route=%2Fwp%2Fv2%2Fproduct_tag&post=177"}],"curies":[{"name":"wp","href":"https:\/\/api.w.org\/{rel}","templated":true}]}}