{"id":171,"date":"2025-12-31T20:28:05","date_gmt":"2025-12-31T19:28:05","guid":{"rendered":"https:\/\/maisonfarouk.ch\/?post_type=product&#038;p=171"},"modified":"2025-12-31T20:28:05","modified_gmt":"2025-12-31T19:28:05","slug":"madawi","status":"publish","type":"product","link":"https:\/\/maisonfarouk.ch\/?product=madawi","title":{"rendered":"Madawi"},"content":{"rendered":"<p data-start=\"166\" data-end=\"469\"><strong>Madawi \u2013 elegant, sinnlich, exklusiv<\/strong><\/p>\n<p data-start=\"166\" data-end=\"469\"><strong>Madawi<\/strong> er\u00f6ffnet mit strahlenden <strong data-start=\"238\" data-end=\"258\">fruchtigen Noten<\/strong>, die sich harmonisch mit feinen <strong data-start=\"291\" data-end=\"327\">floralen Akzenten und edler Rose<\/strong> verbinden. Im Herzen entfalten sich <strong data-start=\"364\" data-end=\"404\">cremige Moschus- und pudrige Nuancen<\/strong>, die dem Duft eine sanfte Tiefe und raffinierte W\u00e4rme verleihen.<\/p>\n<p data-start=\"471\" data-end=\"728\">Dezentes <strong data-start=\"480\" data-end=\"493\">Patchouli<\/strong>, <strong data-start=\"495\" data-end=\"512\">holzige Noten<\/strong> sowie ein Hauch <strong data-start=\"529\" data-end=\"545\">warmer W\u00fcrze<\/strong> runden die Komposition ab und f\u00fchren in ein <strong data-start=\"590\" data-end=\"617\">weiches, erdiges Finish<\/strong> mit langanhaltender Pr\u00e4senz. Ein moderner, zeitloser Duft f\u00fcr alle, die dezente Eleganz und Qualit\u00e4t sch\u00e4tzen.<\/p>\n<p data-start=\"471\" data-end=\"728\"><strong>Inhaltsstoffe:<\/strong><\/p>\n<p data-start=\"471\" data-end=\"728\">\u00c4therisches Duft\u00f6l, Dipropylenglykol, Methyl-Dihydrojasmonat, 1,4-Dioxacycloheptadecan-5,17-dion, Benzylsalicylat, Tetramethylacetyloctahydronaphthalen, Ethyllinalool, Isocamphenylcyclohexanol, Florol Pyranol, Bergamotten-Extrakt<\/p>\n","protected":false},"excerpt":{"rendered":"<p>Madawi vereint fruchtige und florale Noten mit edler Rose. Im Herzen sorgen Moschus und pudrige Nuancen f\u00fcr sanfte Tiefe, abgerundet durch Patchouli, Holz und einen Hauch W\u00fcrze. Ein moderner, zeitloser Duft mit weichem, langanhaltendem Finish.<\/p>\n","protected":false},"featured_media":172,"comment_status":"open","ping_status":"closed","template":"","meta":[],"product_brand":[],"product_cat":[15],"product_tag":[25,23,46,32,47,35,40,24,41],"class_list":{"0":"post-171","1":"product","2":"type-product","3":"status-publish","4":"has-post-thumbnail","6":"product_cat-unkategorisiert","7":"product_tag-floral","8":"product_tag-frisch","9":"product_tag-fruchtig","10":"product_tag-holzig","11":"product_tag-moschus","12":"product_tag-pudrig","13":"product_tag-suss","14":"product_tag-unisex","15":"product_tag-wurzig","17":"first","18":"instock","19":"shipping-taxable","20":"purchasable","21":"product-type-variable"},"jetpack_sharing_enabled":true,"_links":{"self":[{"href":"https:\/\/maisonfarouk.ch\/index.php?rest_route=\/wp\/v2\/product\/171","targetHints":{"allow":["GET"]}}],"collection":[{"href":"https:\/\/maisonfarouk.ch\/index.php?rest_route=\/wp\/v2\/product"}],"about":[{"href":"https:\/\/maisonfarouk.ch\/index.php?rest_route=\/wp\/v2\/types\/product"}],"replies":[{"embeddable":true,"href":"https:\/\/maisonfarouk.ch\/index.php?rest_route=%2Fwp%2Fv2%2Fcomments&post=171"}],"wp:featuredmedia":[{"embeddable":true,"href":"https:\/\/maisonfarouk.ch\/index.php?rest_route=\/wp\/v2\/media\/172"}],"wp:attachment":[{"href":"https:\/\/maisonfarouk.ch\/index.php?rest_route=%2Fwp%2Fv2%2Fmedia&parent=171"}],"wp:term":[{"taxonomy":"product_brand","embeddable":true,"href":"https:\/\/maisonfarouk.ch\/index.php?rest_route=%2Fwp%2Fv2%2Fproduct_brand&post=171"},{"taxonomy":"product_cat","embeddable":true,"href":"https:\/\/maisonfarouk.ch\/index.php?rest_route=%2Fwp%2Fv2%2Fproduct_cat&post=171"},{"taxonomy":"product_tag","embeddable":true,"href":"https:\/\/maisonfarouk.ch\/index.php?rest_route=%2Fwp%2Fv2%2Fproduct_tag&post=171"}],"curies":[{"name":"wp","href":"https:\/\/api.w.org\/{rel}","templated":true}]}}