{"id":165,"date":"2025-12-31T20:08:09","date_gmt":"2025-12-31T19:08:09","guid":{"rendered":"https:\/\/maisonfarouk.ch\/?post_type=product&#038;p=165"},"modified":"2025-12-31T20:08:09","modified_gmt":"2025-12-31T19:08:09","slug":"naseem-al-layl","status":"publish","type":"product","link":"https:\/\/maisonfarouk.ch\/?product=naseem-al-layl","title":{"rendered":"Naseem Al Layl"},"content":{"rendered":"<p data-start=\"217\" data-end=\"519\"><strong>Naseem Al Layl &#8211; Unisex. Zeitlos. Faszinierend.<\/strong><\/p>\n<p data-start=\"217\" data-end=\"519\">Naseem Al Layl f\u00e4ngt die Essenz einer ruhigen Nachtbrise ein und h\u00fcllt Sie in einen eleganten Schleier aus zarten Bl\u00fcten und sanfter W\u00e4rme. Feine, leuchtende Jasminbl\u00fcten schweben \u00fcber einem weichen, holzigen Herzen, w\u00e4hrend cremiger Moschus und subtile Vanille wie eine tr\u00f6stende Umarmung verweilen.<\/p>\n<p data-start=\"521\" data-end=\"848\">Der Duft \u00f6ffnet sich leicht und strahlend, entwickelt dann eine warme, weiche Herzphase und hinterl\u00e4sst einen subtilen, angenehmen Nachklang. Luftig und zugleich intim, wirkt er modern, unaufdringlich und sinnlich \u2014 ideal f\u00fcr den Alltag, besondere Anl\u00e4sse oder f\u00fcr jeden, der einen <strong data-start=\"803\" data-end=\"839\">raffinierten, gut tragbaren Duft<\/strong> sucht.<\/p>\n<p data-start=\"693\" data-end=\"729\"><strong>Inhaltstoffe:<\/strong><\/p>\n<p data-start=\"693\" data-end=\"729\">\u00c4therisches Duft\u00f6l, Dipropylenglykol, Hedion, ISO E Super, Ethylvanillin, Ethylenbrassylat<\/p>\n","protected":false},"excerpt":{"rendered":"<p>Ein eleganter, unisex Duft mit <strong data-start=\"183\" data-end=\"210\">leuchtender Jasminbl\u00fcte<\/strong>, <strong data-start=\"212\" data-end=\"232\">sanfter Holznote<\/strong> und <strong data-start=\"237\" data-end=\"272\">cremigem Moschus-Vanille-Akkord<\/strong>. Frisch, weich und leicht, mit einem warmen, subtilen Nachklang. Perfekt f\u00fcr den Alltag und besondere Momente.<\/p>\n","protected":false},"featured_media":166,"comment_status":"open","ping_status":"closed","template":"","meta":[],"product_brand":[],"product_cat":[21],"product_tag":[45,25,23,32,24,36],"class_list":{"0":"post-165","1":"product","2":"type-product","3":"status-publish","4":"has-post-thumbnail","6":"product_cat-unisex","7":"product_tag-cremig","8":"product_tag-floral","9":"product_tag-frisch","10":"product_tag-holzig","11":"product_tag-unisex","12":"product_tag-vanille","14":"first","15":"instock","16":"shipping-taxable","17":"purchasable","18":"product-type-variable"},"jetpack_sharing_enabled":true,"_links":{"self":[{"href":"https:\/\/maisonfarouk.ch\/index.php?rest_route=\/wp\/v2\/product\/165","targetHints":{"allow":["GET"]}}],"collection":[{"href":"https:\/\/maisonfarouk.ch\/index.php?rest_route=\/wp\/v2\/product"}],"about":[{"href":"https:\/\/maisonfarouk.ch\/index.php?rest_route=\/wp\/v2\/types\/product"}],"replies":[{"embeddable":true,"href":"https:\/\/maisonfarouk.ch\/index.php?rest_route=%2Fwp%2Fv2%2Fcomments&post=165"}],"wp:featuredmedia":[{"embeddable":true,"href":"https:\/\/maisonfarouk.ch\/index.php?rest_route=\/wp\/v2\/media\/166"}],"wp:attachment":[{"href":"https:\/\/maisonfarouk.ch\/index.php?rest_route=%2Fwp%2Fv2%2Fmedia&parent=165"}],"wp:term":[{"taxonomy":"product_brand","embeddable":true,"href":"https:\/\/maisonfarouk.ch\/index.php?rest_route=%2Fwp%2Fv2%2Fproduct_brand&post=165"},{"taxonomy":"product_cat","embeddable":true,"href":"https:\/\/maisonfarouk.ch\/index.php?rest_route=%2Fwp%2Fv2%2Fproduct_cat&post=165"},{"taxonomy":"product_tag","embeddable":true,"href":"https:\/\/maisonfarouk.ch\/index.php?rest_route=%2Fwp%2Fv2%2Fproduct_tag&post=165"}],"curies":[{"name":"wp","href":"https:\/\/api.w.org\/{rel}","templated":true}]}}